{"id":38,"date":"2024-10-13T21:01:06","date_gmt":"2024-10-13T18:01:06","guid":{"rendered":"https:\/\/burak-guemues.com.tr\/?page_id=38"},"modified":"2024-10-13T21:16:03","modified_gmt":"2024-10-13T18:16:03","slug":"datenschutzerklaerung","status":"publish","type":"page","link":"https:\/\/burak-guemues.com.tr\/?page_id=38","title":{"rendered":"Datenschutzerkl\u00e4rung"},"content":{"rendered":"\n<p>DISCLAIMER<\/p>\n\n\n\n<p>Das Landgericht Hamburg hat mit Urteil vom 12. Mai 1998 entschieden, dass man durch die Anbringung eines Links die Inhalte der betreffenden Seite ggf. mit zu verantworten hat. Dieses kann &#8211; so das Gericht &#8211; nur dadurch verhindert werden, dass man sich ausdr\u00fccklich von diesen Inhalten distanziert. Der\/die Autor\/en dieser Webseite erkl\u00e4ren hiermit ausdr\u00fccklich, dass zum Zeitpunkt der Linksetzung keine f\u00fcr uns erkennbaren illegalen Inhalte auf den zu verlinkenden Seiten aufzufinden waren. Auf die aktuelle und zuk\u00fcnftige Gestaltung, die Inhalte oder die Urheberschaft der gelinkten\/verkn\u00fcpften Seiten haben wir keinerlei Einfluss. Deshalb distanzieren wir uns hiermit ausdr\u00fccklich von allen Inhalten aller verkn\u00fcpften Seiten, die nach der Linksetzung ver\u00e4ndert wurden. Diese Feststellung gilt ebenfalls f\u00fcr alle innerhalb des eigenen Internetangebotes gesetzten Links und Verweise sowie f\u00fcr Fremdeintr\u00e4ge in die von uns AutorInnen eingerichteten G\u00e4steb\u00fcchern, Diskussionsforen und Mailinglisten. F\u00fcr illegale, fehlerhafte oder unvollst\u00e4ndige Inhalte und insbesondere f\u00fcr Sch\u00e4den, die aus der Nutzung oder Nichtnutzung solcherart dargebotener Informationen entstehen, haftet allein der Anbieter der Seite, auf welche verwiesen wurde, nicht derjenige, der \u00fcber Links auf die jeweilige Ver\u00f6ffentlichung lediglich verweist. Dies gilt auch f\u00fcr die Links zu den Links.<\/p>\n","protected":false},"excerpt":{"rendered":"<p>DISCLAIMER Das Landgericht Hamburg hat mit Urteil vom 12. Mai 1998 entschieden, dass man durch die Anbringung eines Links die Inhalte der betreffenden Seite ggf. mit zu verantworten hat. Dieses kann &#8211; so das Gericht &#8211; nur dadurch verhindert werden, dass man sich ausdr\u00fccklich von diesen Inhalten distanziert. Der\/die Autor\/en dieser Webseite erkl\u00e4ren hiermit ausdr\u00fccklich, [&hellip;]<\/p>\n","protected":false},"author":1,"featured_media":0,"parent":0,"menu_order":2,"comment_status":"closed","ping_status":"closed","template":"","meta":{"footnotes":""},"class_list":["post-38","page","type-page","status-publish","hentry"],"_links":{"self":[{"href":"https:\/\/burak-guemues.com.tr\/index.php?rest_route=\/wp\/v2\/pages\/38"}],"collection":[{"href":"https:\/\/burak-guemues.com.tr\/index.php?rest_route=\/wp\/v2\/pages"}],"about":[{"href":"https:\/\/burak-guemues.com.tr\/index.php?rest_route=\/wp\/v2\/types\/page"}],"author":[{"embeddable":true,"href":"https:\/\/burak-guemues.com.tr\/index.php?rest_route=\/wp\/v2\/users\/1"}],"replies":[{"embeddable":true,"href":"https:\/\/burak-guemues.com.tr\/index.php?rest_route=%2Fwp%2Fv2%2Fcomments&post=38"}],"version-history":[{"count":1,"href":"https:\/\/burak-guemues.com.tr\/index.php?rest_route=\/wp\/v2\/pages\/38\/revisions"}],"predecessor-version":[{"id":39,"href":"https:\/\/burak-guemues.com.tr\/index.php?rest_route=\/wp\/v2\/pages\/38\/revisions\/39"}],"wp:attachment":[{"href":"https:\/\/burak-guemues.com.tr\/index.php?rest_route=%2Fwp%2Fv2%2Fmedia&parent=38"}],"curies":[{"name":"wp","href":"https:\/\/api.w.org\/{rel}","templated":true}]}}