{"id":49,"date":"2024-10-13T21:23:24","date_gmt":"2024-10-13T18:23:24","guid":{"rendered":"https:\/\/burak-guemues.com.tr\/?page_id=49"},"modified":"2024-10-14T09:24:42","modified_gmt":"2024-10-14T06:24:42","slug":"kontakt","status":"publish","type":"page","link":"https:\/\/burak-guemues.com.tr\/?page_id=49","title":{"rendered":"Kontakt"},"content":{"rendered":"\n<p>Prof. Dr. rer. soc. Burak G\u00fcm\u00fc\u015f<\/p>\n\n\n\n<p><\/p>\n\n\n\n<p><br>T.C. Trakya \u00dcniversitesi<\/p>\n\n\n\n<p>Siyaset Bilimi ve Kamu Y\u00f6netimi B\u00f6l\u00fcm\u00fc<\/p>\n\n\n\n<p>\u0130\u0130BF<\/p>\n\n\n\n<p>Balkan Yerle\u015fkesi<\/p>\n\n\n\n<p>TR-22000 Edirne<\/p>\n\n\n\n<p><\/p>\n\n\n\n<div class=\"wp-block-group is-nowrap is-layout-flex wp-container-core-group-is-layout-2 wp-block-group-is-layout-flex\">\n<div class=\"wp-block-group is-nowrap is-layout-flex wp-container-core-group-is-layout-1 wp-block-group-is-layout-flex\"><\/div>\n<\/div>\n\n\n\n<p>SOEK Forschungszentrum<\/p>\n\n\n\n<p>S\u00fcdeuropa und Kaukaus gUG (Haftungsbeschr\u00e4nkt)<\/p>\n\n\n\n<p>Rinjsburger Str. 3<\/p>\n\n\n\n<p>D-57078 Siegen<\/p>\n\n\n\n<p><\/p>\n\n\n\n<div class=\"wp-block-group is-nowrap is-layout-flex wp-container-core-group-is-layout-3 wp-block-group-is-layout-flex\"><\/div>\n\n\n\n<p>E-Mail:&nbsp;Burak.Guemues@gmx.de<\/p>\n\n\n\n<p><\/p>\n","protected":false},"excerpt":{"rendered":"<p>Prof. Dr. rer. soc. Burak G\u00fcm\u00fc\u015f T.C. Trakya \u00dcniversitesi Siyaset Bilimi ve Kamu Y\u00f6netimi B\u00f6l\u00fcm\u00fc \u0130\u0130BF Balkan Yerle\u015fkesi TR-22000 Edirne SOEK Forschungszentrum S\u00fcdeuropa und Kaukaus gUG (Haftungsbeschr\u00e4nkt) Rinjsburger Str. 3 D-57078 Siegen E-Mail:&nbsp;Burak.Guemues@gmx.de<\/p>\n","protected":false},"author":1,"featured_media":0,"parent":0,"menu_order":0,"comment_status":"closed","ping_status":"closed","template":"","meta":{"footnotes":""},"class_list":["post-49","page","type-page","status-publish","hentry"],"_links":{"self":[{"href":"https:\/\/burak-guemues.com.tr\/index.php?rest_route=\/wp\/v2\/pages\/49"}],"collection":[{"href":"https:\/\/burak-guemues.com.tr\/index.php?rest_route=\/wp\/v2\/pages"}],"about":[{"href":"https:\/\/burak-guemues.com.tr\/index.php?rest_route=\/wp\/v2\/types\/page"}],"author":[{"embeddable":true,"href":"https:\/\/burak-guemues.com.tr\/index.php?rest_route=\/wp\/v2\/users\/1"}],"replies":[{"embeddable":true,"href":"https:\/\/burak-guemues.com.tr\/index.php?rest_route=%2Fwp%2Fv2%2Fcomments&post=49"}],"version-history":[{"count":14,"href":"https:\/\/burak-guemues.com.tr\/index.php?rest_route=\/wp\/v2\/pages\/49\/revisions"}],"predecessor-version":[{"id":81,"href":"https:\/\/burak-guemues.com.tr\/index.php?rest_route=\/wp\/v2\/pages\/49\/revisions\/81"}],"wp:attachment":[{"href":"https:\/\/burak-guemues.com.tr\/index.php?rest_route=%2Fwp%2Fv2%2Fmedia&parent=49"}],"curies":[{"name":"wp","href":"https:\/\/api.w.org\/{rel}","templated":true}]}}